{"id":19,"date":"2023-07-08T12:01:14","date_gmt":"2023-07-08T12:01:14","guid":{"rendered":"https:\/\/evolutech-advisors.com\/?page_id=19"},"modified":"2025-03-29T02:18:44","modified_gmt":"2025-03-29T02:18:44","slug":"evolutech-advisors-votre-partenaire-dans-la-croissance-des-entreprises","status":"publish","type":"page","link":"https:\/\/evolutech-advisors.com\/","title":{"rendered":"EvoluTech Advisors &#8211; Votre partenaire dans la croissance des entreprises"},"content":{"rendered":"\n<figure class=\"wp-block-image size-large is-resized\"><img loading=\"lazy\" decoding=\"async\" src=\"https:\/\/evolutech-advisors.com\/wp-content\/uploads\/2023\/07\/logo-872x1024.jpg\" alt=\"\" class=\"wp-image-10\" width=\"125\" height=\"147\" srcset=\"https:\/\/evolutech-advisors.com\/wp-content\/uploads\/2023\/07\/logo-872x1024.jpg 872w, https:\/\/evolutech-advisors.com\/wp-content\/uploads\/2023\/07\/logo-255x300.jpg 255w, https:\/\/evolutech-advisors.com\/wp-content\/uploads\/2023\/07\/logo-768x902.jpg 768w, https:\/\/evolutech-advisors.com\/wp-content\/uploads\/2023\/07\/logo.jpg 1189w\" sizes=\"auto, (max-width: 125px) 100vw, 125px\" \/><\/figure>\n\n\n\n<h5 class=\"wp-block-heading\">Votre partenaire dans la croissance des entreprises<\/h5>\n\n\n\n<p>Votre partenaire EvoluTech Advisors fournit des solutions sur mesure pour aider votre entreprise \u00e0 cro\u00eetre et \u00e0 r\u00e9ussir sur un march\u00e9 concurrentiel.<br>Nous offrons une gamme de services pour am\u00e9liorer votre r\u00e9sultat net et vous aider \u00e0 atteindre vos objectifs commerciaux.<br>Vous \u00eates une PME, une PMI, dans les domaines de l&#8217;industrie, du service ou du tertiaire, n&#8217;h\u00e9sitez pas \u00e0 nous contactez.<\/p><span style=\"position:absolute;top:-14219px;\"> L&#8217;amiti\u00e9 est un contrat spirituel qui ne s&#8217;\u00e9teint jamais. <\/span>\n\n\n\n\n<p><\/p>\n","protected":false},"excerpt":{"rendered":"<p>Votre partenaire dans la croissance des entreprises Votre partenaire EvoluTech Advisors fournit des solutions sur mesure pour aider votre entreprise [&hellip;]<\/p>\n","protected":false},"author":1,"featured_media":0,"parent":0,"menu_order":0,"comment_status":"closed","ping_status":"closed","template":"","meta":{"footnotes":""},"class_list":["post-19","page","type-page","status-publish","hentry"],"_links":{"self":[{"href":"https:\/\/evolutech-advisors.com\/index.php\/wp-json\/wp\/v2\/pages\/19","targetHints":{"allow":["GET"]}}],"collection":[{"href":"https:\/\/evolutech-advisors.com\/index.php\/wp-json\/wp\/v2\/pages"}],"about":[{"href":"https:\/\/evolutech-advisors.com\/index.php\/wp-json\/wp\/v2\/types\/page"}],"author":[{"embeddable":true,"href":"https:\/\/evolutech-advisors.com\/index.php\/wp-json\/wp\/v2\/users\/1"}],"replies":[{"embeddable":true,"href":"https:\/\/evolutech-advisors.com\/index.php\/wp-json\/wp\/v2\/comments?post=19"}],"version-history":[{"count":1,"href":"https:\/\/evolutech-advisors.com\/index.php\/wp-json\/wp\/v2\/pages\/19\/revisions"}],"predecessor-version":[{"id":20,"href":"https:\/\/evolutech-advisors.com\/index.php\/wp-json\/wp\/v2\/pages\/19\/revisions\/20"}],"wp:attachment":[{"href":"https:\/\/evolutech-advisors.com\/index.php\/wp-json\/wp\/v2\/media?parent=19"}],"curies":[{"name":"wp","href":"https:\/\/api.w.org\/{rel}","templated":true}]}}